{"id":71,"date":"2025-07-25T23:04:15","date_gmt":"2025-07-25T23:04:15","guid":{"rendered":"https:\/\/kalakaua.writ.app\/?page_id=71"},"modified":"2025-10-23T23:42:00","modified_gmt":"2025-10-24T09:42:00","slug":"about","status":"publish","type":"page","link":"https:\/\/kalakaua.writ.app\/ja\/about\/","title":{"rendered":"\u4f1a\u793e\u6982\u8981"},"content":{"rendered":"<p><div class=\"fusion-fullwidth fullwidth-box fusion-builder-row-1 fusion-flex-container has-pattern-background has-mask-background nonhundred-percent-fullwidth non-hundred-percent-height-scrolling\" style=\"--awb-border-radius-top-left:0px;--awb-border-radius-top-right:0px;--awb-border-radius-bottom-right:0px;--awb-border-radius-bottom-left:0px;--awb-flex-wrap:wrap;\" ><div class=\"fusion-builder-row fusion-row fusion-flex-align-items-flex-start fusion-flex-content-wrap\" style=\"max-width:1248px;margin-left: calc(-4% \/ 2 );margin-right: calc(-4% \/ 2 );\"><div class=\"fusion-layout-column fusion_builder_column fusion-builder-column-0 fusion_builder_column_1_1 1_1 fusion-flex-column\" style=\"--awb-bg-size:cover;--awb-width-large:100%;--awb-margin-top-large:0px;--awb-spacing-right-large:1.92%;--awb-margin-bottom-large:20px;--awb-spacing-left-large:1.92%;--awb-width-medium:100%;--awb-order-medium:0;--awb-spacing-right-medium:1.92%;--awb-spacing-left-medium:1.92%;--awb-width-small:100%;--awb-order-small:0;--awb-spacing-right-small:1.92%;--awb-spacing-left-small:1.92%;\"><div class=\"fusion-column-wrapper fusion-column-has-shadow fusion-flex-justify-content-flex-start fusion-content-layout-column\"><div class=\"fusion-text fusion-text-1\"><p style=\"text-align: center;\"><a href=\"#story\">OUR STORY<\/a>\u00a0 |\u00a0 <a href=\"#commitment\">OUR COMMITMENT<\/a>\u00a0 |\u00a0 <a href=\"#hear\">HEAR FROM RESIDENTS &amp; FAMILY MEMBERS<\/a><\/p>\n<\/div><\/div><\/div><\/div><\/div><div id=\"story\" class=\"fusion-container-anchor\"><div class=\"fusion-fullwidth fullwidth-box fusion-builder-row-2 fusion-flex-container has-pattern-background has-mask-background nonhundred-percent-fullwidth non-hundred-percent-height-scrolling\" style=\"--awb-border-radius-top-left:0px;--awb-border-radius-top-right:0px;--awb-border-radius-bottom-right:0px;--awb-border-radius-bottom-left:0px;--awb-flex-wrap:wrap;\" ><div class=\"fusion-builder-row fusion-row fusion-flex-align-items-flex-start fusion-flex-content-wrap\" style=\"max-width:1248px;margin-left: calc(-4% \/ 2 );margin-right: calc(-4% \/ 2 );\"><div class=\"fusion-layout-column fusion_builder_column fusion-builder-column-1 fusion_builder_column_1_2 1_2 fusion-flex-column fusion-no-small-visibility\" style=\"--awb-bg-size:cover;--awb-width-large:50%;--awb-margin-top-large:0px;--awb-spacing-right-large:3.84%;--awb-margin-bottom-large:20px;--awb-spacing-left-large:3.84%;--awb-width-medium:50%;--awb-order-medium:0;--awb-spacing-right-medium:3.84%;--awb-spacing-left-medium:3.84%;--awb-width-small:100%;--awb-order-small:0;--awb-spacing-right-small:1.92%;--awb-spacing-left-small:1.92%;\" data-scroll-devices=\"small-visibility,medium-visibility,large-visibility\"><div class=\"fusion-column-wrapper fusion-column-has-shadow fusion-flex-justify-content-flex-start fusion-content-layout-column\"><div class=\"fusion-text fusion-text-2\"><div style=\"display: table-cell; min-width: 150px;\"><img decoding=\"async\" class=\"alignnone size-thumbnail wp-image-66\" src=\"https:\/\/kalakaua.writ.app\/wp-content\/uploads\/2025\/07\/favicon_180-150x150.png\" alt=\"Kalakaua Gardens Crown Logo\" width=\"100\" height=\"100\" srcset=\"https:\/\/kalakaua.writ.app\/wp-content\/uploads\/2025\/07\/favicon_180-66x66.png 66w, https:\/\/kalakaua.writ.app\/wp-content\/uploads\/2025\/07\/favicon_180-150x150.png 150w, https:\/\/kalakaua.writ.app\/wp-content\/uploads\/2025\/07\/favicon_180.png 180w\" sizes=\"(max-width: 100px) 100vw, 100px\" \/><\/div>\n<div style=\"display: table-cell;\">\n<h2>We Embrace a Heart for Service and a Passion for Living.<\/h2>\n<h3>OUR STORY<\/h3>\n<p><strong>KAL\u0100KAUA GARDENS <\/strong>is a senior living community in Honolulu for those with discriminating tastes. Just minutes from Waikiki, Kalakaua Gardens offers a one-of-a-kind senior living experience. Carefully designed spaces for seniors who want a vibrant, healthy lifestyle with countless opportunities to engage with others.<\/p>\n<p>Our dedicated team is committed to treating everyone like \u2018ohana, an extension of our own family. Seniors and families can feel the aloha spirit and genuine care the moment they enter the doors of Kal\u0101kaua Gardens. We believe every individual is a living treasure with a life of unique contributions. It is an honor for us to serve all k\u016bpuna and give them the respect they deserve.<\/p>\n<\/div>\n<\/div><\/div><\/div><div class=\"fusion-layout-column fusion_builder_column fusion-builder-column-2 fusion_builder_column_1_2 1_2 fusion-flex-column fusion-no-medium-visibility fusion-no-large-visibility\" style=\"--awb-bg-size:cover;--awb-width-large:50%;--awb-margin-top-large:0px;--awb-spacing-right-large:3.84%;--awb-margin-bottom-large:20px;--awb-spacing-left-large:3.84%;--awb-width-medium:50%;--awb-order-medium:0;--awb-spacing-right-medium:3.84%;--awb-spacing-left-medium:3.84%;--awb-width-small:100%;--awb-order-small:0;--awb-spacing-right-small:1.92%;--awb-spacing-left-small:1.92%;\" data-scroll-devices=\"small-visibility,medium-visibility,large-visibility\"><div class=\"fusion-column-wrapper fusion-column-has-shadow fusion-flex-justify-content-flex-start fusion-content-layout-column\"><div class=\"fusion-text fusion-text-3\"><h2>We Welcome the Opportunity to Serve K\u016bpuna with Aloha.We Welcome the Opportunity to Serve K\u016bpuna with Aloha.We Welcome the Opportunity to Serve K\u016bpuna with Aloha.<\/h2>\n<h3>OUR STORY<\/h3>\n<p><strong>KALAKAUA GARDENS<\/strong> is O&#8217;ahu\u2019s Premier Senior Living Community. Just steps from the heart of Waikiki, Kalakaua Gardens offers a one-of-a-kind senior living experience. Carefully designed spaces for seniors who desire to embrace a vibrant and healthy lifestyle with countless opportunities for meaningful engagement.<\/p>\n<p>Our friendly, dedicated team members embrace a heart for service and a passion for living. We strive to always be kind, serve others with joy, inspire respect, live with honor, and continuously improve. We believe each individual is a living treasure of unequaled importance.<\/p>\n<\/div><\/div><\/div><div class=\"fusion-layout-column fusion_builder_column fusion-builder-column-3 fusion_builder_column_1_2 1_2 fusion-flex-column\" style=\"--awb-bg-size:cover;--awb-width-large:50%;--awb-margin-top-large:0px;--awb-spacing-right-large:3.84%;--awb-margin-bottom-large:20px;--awb-spacing-left-large:3.84%;--awb-width-medium:50%;--awb-order-medium:0;--awb-spacing-right-medium:3.84%;--awb-spacing-left-medium:3.84%;--awb-width-small:100%;--awb-order-small:0;--awb-spacing-right-small:1.92%;--awb-spacing-left-small:1.92%;\"><div class=\"fusion-column-wrapper fusion-column-has-shadow fusion-flex-justify-content-flex-start fusion-content-layout-column\"><div class=\"fusion-image-element\" style=\"--awb-caption-title-font-family:var(--h2_typography-font-family);--awb-caption-title-font-weight:var(--h2_typography-font-weight);--awb-caption-title-font-style:var(--h2_typography-font-style);--awb-caption-title-size:var(--h2_typography-font-size);--awb-caption-title-transform:var(--h2_typography-text-transform);--awb-caption-title-line-height:var(--h2_typography-line-height);--awb-caption-title-letter-spacing:var(--h2_typography-letter-spacing);\"><span class=\"fusion-imageframe imageframe-none imageframe-1 hover-type-none\"><img decoding=\"async\" width=\"600\" height=\"400\" alt=\"Women sitting around a chess board table\" title=\"KG-FL3_Recreation_069-2017Nov\" src=\"https:\/\/kalakaua.writ.app\/wp-content\/uploads\/2025\/07\/KG-FL3_Recreation_069-2017Nov-600x400.jpg\" class=\"img-responsive wp-image-122\" srcset=\"https:\/\/kalakaua.writ.app\/wp-content\/uploads\/2025\/07\/KG-FL3_Recreation_069-2017Nov-200x133.jpg 200w, https:\/\/kalakaua.writ.app\/wp-content\/uploads\/2025\/07\/KG-FL3_Recreation_069-2017Nov-400x267.jpg 400w, https:\/\/kalakaua.writ.app\/wp-content\/uploads\/2025\/07\/KG-FL3_Recreation_069-2017Nov-600x400.jpg 600w, https:\/\/kalakaua.writ.app\/wp-content\/uploads\/2025\/07\/KG-FL3_Recreation_069-2017Nov-800x533.jpg 800w, https:\/\/kalakaua.writ.app\/wp-content\/uploads\/2025\/07\/KG-FL3_Recreation_069-2017Nov.jpg 1200w\" sizes=\"(max-width: 640px) 100vw, 600px\" \/><\/span><\/div><\/div><\/div><\/div><\/div><\/div><div id=\"commitment\" class=\"fusion-container-anchor\"><div class=\"fusion-fullwidth fullwidth-box fusion-builder-row-3 fusion-flex-container has-pattern-background has-mask-background nonhundred-percent-fullwidth non-hundred-percent-height-scrolling\" style=\"--awb-border-radius-top-left:0px;--awb-border-radius-top-right:0px;--awb-border-radius-bottom-right:0px;--awb-border-radius-bottom-left:0px;--awb-flex-wrap:wrap;\" ><div class=\"fusion-builder-row fusion-row fusion-flex-align-items-flex-start fusion-flex-content-wrap\" style=\"max-width:1248px;margin-left: calc(-4% \/ 2 );margin-right: calc(-4% \/ 2 );\"><div class=\"fusion-layout-column fusion_builder_column fusion-builder-column-4 fusion_builder_column_1_2 1_2 fusion-flex-column\" style=\"--awb-bg-size:cover;--awb-width-large:50%;--awb-margin-top-large:0px;--awb-spacing-right-large:3.84%;--awb-margin-bottom-large:20px;--awb-spacing-left-large:3.84%;--awb-width-medium:50%;--awb-order-medium:0;--awb-spacing-right-medium:3.84%;--awb-spacing-left-medium:3.84%;--awb-width-small:100%;--awb-order-small:0;--awb-spacing-right-small:1.92%;--awb-spacing-left-small:1.92%;\"><div class=\"fusion-column-wrapper fusion-column-has-shadow fusion-flex-justify-content-flex-start fusion-content-layout-column\"><div class=\"fusion-image-element\" style=\"--awb-caption-title-font-family:var(--h2_typography-font-family);--awb-caption-title-font-weight:var(--h2_typography-font-weight);--awb-caption-title-font-style:var(--h2_typography-font-style);--awb-caption-title-size:var(--h2_typography-font-size);--awb-caption-title-transform:var(--h2_typography-text-transform);--awb-caption-title-line-height:var(--h2_typography-line-height);--awb-caption-title-letter-spacing:var(--h2_typography-letter-spacing);\"><span class=\"fusion-imageframe imageframe-none imageframe-2 hover-type-none\"><img decoding=\"async\" width=\"858\" height=\"600\" alt=\"Photo of a resident with staff\" title=\"KG-Residents-IMG_1079-CC_Crop1-landscape-fe1f822fedc58d318bfaddda888231d8-5fada8550bf1f\" src=\"https:\/\/kalakaua.writ.app\/wp-content\/uploads\/2025\/07\/KG-Residents-IMG_1079-CC_Crop1-landscape-fe1f822fedc58d318bfaddda888231d8-5fada8550bf1f.jpg\" class=\"img-responsive wp-image-130\" srcset=\"https:\/\/kalakaua.writ.app\/wp-content\/uploads\/2025\/07\/KG-Residents-IMG_1079-CC_Crop1-landscape-fe1f822fedc58d318bfaddda888231d8-5fada8550bf1f-200x140.jpg 200w, https:\/\/kalakaua.writ.app\/wp-content\/uploads\/2025\/07\/KG-Residents-IMG_1079-CC_Crop1-landscape-fe1f822fedc58d318bfaddda888231d8-5fada8550bf1f-400x280.jpg 400w, https:\/\/kalakaua.writ.app\/wp-content\/uploads\/2025\/07\/KG-Residents-IMG_1079-CC_Crop1-landscape-fe1f822fedc58d318bfaddda888231d8-5fada8550bf1f-600x420.jpg 600w, https:\/\/kalakaua.writ.app\/wp-content\/uploads\/2025\/07\/KG-Residents-IMG_1079-CC_Crop1-landscape-fe1f822fedc58d318bfaddda888231d8-5fada8550bf1f-800x559.jpg 800w, https:\/\/kalakaua.writ.app\/wp-content\/uploads\/2025\/07\/KG-Residents-IMG_1079-CC_Crop1-landscape-fe1f822fedc58d318bfaddda888231d8-5fada8550bf1f.jpg 858w\" sizes=\"(max-width: 640px) 100vw, 600px\" \/><\/span><\/div><\/div><\/div><div class=\"fusion-layout-column fusion_builder_column fusion-builder-column-5 fusion_builder_column_1_2 1_2 fusion-flex-column\" style=\"--awb-bg-size:cover;--awb-width-large:50%;--awb-margin-top-large:0px;--awb-spacing-right-large:3.84%;--awb-margin-bottom-large:20px;--awb-spacing-left-large:3.84%;--awb-width-medium:50%;--awb-order-medium:0;--awb-spacing-right-medium:3.84%;--awb-spacing-left-medium:3.84%;--awb-width-small:100%;--awb-order-small:0;--awb-spacing-right-small:1.92%;--awb-spacing-left-small:1.92%;\"><div class=\"fusion-column-wrapper fusion-column-has-shadow fusion-flex-justify-content-flex-start fusion-content-layout-column\"><div class=\"fusion-text fusion-text-4\"><h3>OUR COMMITMENT<\/h3>\n<p>At Kal\u0101kaua Gardens, we are committed to providing a safe, friendly and nurturing environment where everyone is treated with kindness and respect. We pride ourselves on providing individualized services to our residents. Our menus feature signature local dishes and made-from-scratch entr\u00e9es. Programs and activities are tailored to resident preferences and interests. Health and wellness services are designed to encourage active lifestyles while supporting residents with varying levels of need.<\/p>\n<\/div><\/div><\/div><\/div><\/div><\/div><div id=\"story\" class=\"fusion-container-anchor\"><div class=\"fusion-fullwidth fullwidth-box fusion-builder-row-4 fusion-flex-container has-pattern-background has-mask-background nonhundred-percent-fullwidth non-hundred-percent-height-scrolling\" style=\"--awb-border-radius-top-left:0px;--awb-border-radius-top-right:0px;--awb-border-radius-bottom-right:0px;--awb-border-radius-bottom-left:0px;--awb-flex-wrap:wrap;\" ><div class=\"fusion-builder-row fusion-row fusion-flex-align-items-flex-start fusion-flex-content-wrap\" style=\"max-width:1248px;margin-left: calc(-4% \/ 2 );margin-right: calc(-4% \/ 2 );\"><div class=\"fusion-layout-column fusion_builder_column fusion-builder-column-6 fusion_builder_column_1_2 1_2 fusion-flex-column fusion-no-small-visibility\" style=\"--awb-bg-size:cover;--awb-width-large:50%;--awb-margin-top-large:0px;--awb-spacing-right-large:3.84%;--awb-margin-bottom-large:20px;--awb-spacing-left-large:3.84%;--awb-width-medium:50%;--awb-order-medium:0;--awb-spacing-right-medium:3.84%;--awb-spacing-left-medium:3.84%;--awb-width-small:100%;--awb-order-small:0;--awb-spacing-right-small:1.92%;--awb-spacing-left-small:1.92%;\" data-scroll-devices=\"small-visibility,medium-visibility,large-visibility\"><div class=\"fusion-column-wrapper fusion-column-has-shadow fusion-flex-justify-content-flex-start fusion-content-layout-column\"><div class=\"fusion-text fusion-text-5\"><div style=\"display: table-cell; min-width: 150px;\"><img decoding=\"async\" class=\"alignnone size-thumbnail wp-image-66\" src=\"https:\/\/kalakaua.writ.app\/wp-content\/uploads\/2025\/07\/favicon_180-150x150.png\" alt=\"Kalakaua Gardens Crown Logo\" width=\"100\" height=\"100\" srcset=\"https:\/\/kalakaua.writ.app\/wp-content\/uploads\/2025\/07\/favicon_180-66x66.png 66w, https:\/\/kalakaua.writ.app\/wp-content\/uploads\/2025\/07\/favicon_180-150x150.png 150w, https:\/\/kalakaua.writ.app\/wp-content\/uploads\/2025\/07\/favicon_180.png 180w\" sizes=\"(max-width: 100px) 100vw, 100px\" \/><\/div>\n<div style=\"display: table-cell;\">\n<h3>\u6708\u984d\u5236 \u2190 \u63a8\u8350<\/h3>\n<p>Kal\u0101kaua Gardens offers all attractive amenities of a continuing care retirement communities, but at a reasonable monthly rental fees. There is no requirement of a large up-front investment and no long-term agreements. Just simple, safe, and worry-free living.<\/p>\n<\/div>\n<\/div><\/div><\/div><div class=\"fusion-layout-column fusion_builder_column fusion-builder-column-7 fusion_builder_column_1_2 1_2 fusion-flex-column fusion-no-medium-visibility fusion-no-large-visibility\" style=\"--awb-bg-size:cover;--awb-width-large:50%;--awb-margin-top-large:0px;--awb-spacing-right-large:3.84%;--awb-margin-bottom-large:20px;--awb-spacing-left-large:3.84%;--awb-width-medium:50%;--awb-order-medium:0;--awb-spacing-right-medium:3.84%;--awb-spacing-left-medium:3.84%;--awb-width-small:100%;--awb-order-small:0;--awb-spacing-right-small:1.92%;--awb-spacing-left-small:1.92%;\" data-scroll-devices=\"small-visibility,medium-visibility,large-visibility\"><div class=\"fusion-column-wrapper fusion-column-has-shadow fusion-flex-justify-content-flex-start fusion-content-layout-column\"><div class=\"fusion-text fusion-text-6\"><h3>Hear from residents &amp; family members<\/h3>\n<p>No one describes <strong>KALAKAUA GARDENS<\/strong> better than our very own residents and their families. Our mission is to provide the highest quality of care for our residents, treating them with respect and dignity. Our passion and dedication to this mission shows in the kind words they have shared with us. Browse through some of our favorite reviews and testimonials below to see why serving seniors is our calling.<\/p>\n<div class=\"fusion-button-wrapper\"><a class=\"fusion-button button-flat fusion-button-default-size button-default fusion-button-default button-1 fusion-button-default-span fusion-button-default-type\" target=\"_self\" href=\"\/ja\/reviews\/\"><span class=\"fusion-button-text awb-button__text awb-button__text--default\">TESTIMONIAL &amp; REVIEWS<\/span><\/a><\/div>\n<\/div><\/div><\/div><div class=\"fusion-layout-column fusion_builder_column fusion-builder-column-8 fusion_builder_column_1_2 1_2 fusion-flex-column\" style=\"--awb-bg-size:cover;--awb-width-large:50%;--awb-margin-top-large:0px;--awb-spacing-right-large:3.84%;--awb-margin-bottom-large:20px;--awb-spacing-left-large:3.84%;--awb-width-medium:50%;--awb-order-medium:0;--awb-spacing-right-medium:3.84%;--awb-spacing-left-medium:3.84%;--awb-width-small:100%;--awb-order-small:0;--awb-spacing-right-small:1.92%;--awb-spacing-left-small:1.92%;\"><div class=\"fusion-column-wrapper fusion-column-has-shadow fusion-flex-justify-content-flex-start fusion-content-layout-column\"><div class=\"fusion-image-element\" style=\"--awb-caption-title-font-family:var(--h2_typography-font-family);--awb-caption-title-font-weight:var(--h2_typography-font-weight);--awb-caption-title-font-style:var(--h2_typography-font-style);--awb-caption-title-size:var(--h2_typography-font-size);--awb-caption-title-transform:var(--h2_typography-text-transform);--awb-caption-title-line-height:var(--h2_typography-line-height);--awb-caption-title-letter-spacing:var(--h2_typography-letter-spacing);\"><span class=\"fusion-imageframe imageframe-none imageframe-3 hover-type-none\"><img decoding=\"async\" width=\"1200\" height=\"900\" alt=\"Elderly man sitting at a table.\" title=\"shutterstock_533984515\" src=\"https:\/\/kalakaua.writ.app\/wp-content\/uploads\/2025\/07\/shutterstock_533984515.jpg\" class=\"img-responsive wp-image-133\" srcset=\"https:\/\/kalakaua.writ.app\/wp-content\/uploads\/2025\/07\/shutterstock_533984515-200x150.jpg 200w, https:\/\/kalakaua.writ.app\/wp-content\/uploads\/2025\/07\/shutterstock_533984515-400x300.jpg 400w, https:\/\/kalakaua.writ.app\/wp-content\/uploads\/2025\/07\/shutterstock_533984515-600x450.jpg 600w, https:\/\/kalakaua.writ.app\/wp-content\/uploads\/2025\/07\/shutterstock_533984515-800x600.jpg 800w, https:\/\/kalakaua.writ.app\/wp-content\/uploads\/2025\/07\/shutterstock_533984515.jpg 1200w\" sizes=\"(max-width: 640px) 100vw, 600px\" \/><\/span><\/div><\/div><\/div><\/div><\/div><\/div><\/p>","protected":false},"excerpt":{"rendered":"","protected":false},"author":2,"featured_media":121,"parent":0,"menu_order":0,"comment_status":"closed","ping_status":"closed","template":"100-width.php","meta":{"footnotes":""},"class_list":["post-71","page","type-page","status-publish","has-post-thumbnail","hentry"],"_links":{"self":[{"href":"https:\/\/kalakaua.writ.app\/ja\/wp-json\/wp\/v2\/pages\/71","targetHints":{"allow":["GET"]}}],"collection":[{"href":"https:\/\/kalakaua.writ.app\/ja\/wp-json\/wp\/v2\/pages"}],"about":[{"href":"https:\/\/kalakaua.writ.app\/ja\/wp-json\/wp\/v2\/types\/page"}],"author":[{"embeddable":true,"href":"https:\/\/kalakaua.writ.app\/ja\/wp-json\/wp\/v2\/users\/2"}],"replies":[{"embeddable":true,"href":"https:\/\/kalakaua.writ.app\/ja\/wp-json\/wp\/v2\/comments?post=71"}],"version-history":[{"count":19,"href":"https:\/\/kalakaua.writ.app\/ja\/wp-json\/wp\/v2\/pages\/71\/revisions"}],"predecessor-version":[{"id":478,"href":"https:\/\/kalakaua.writ.app\/ja\/wp-json\/wp\/v2\/pages\/71\/revisions\/478"}],"wp:featuredmedia":[{"embeddable":true,"href":"https:\/\/kalakaua.writ.app\/ja\/wp-json\/wp\/v2\/media\/121"}],"wp:attachment":[{"href":"https:\/\/kalakaua.writ.app\/ja\/wp-json\/wp\/v2\/media?parent=71"}],"curies":[{"name":"wp","href":"https:\/\/api.w.org\/{rel}","templated":true}]}}